{"id":44,"date":"2021-12-23T15:13:14","date_gmt":"2021-12-23T13:13:14","guid":{"rendered":"https:\/\/n48hoursenergy.com\/?page_id=44"},"modified":"2023-06-08T23:07:48","modified_gmt":"2023-06-08T21:07:48","slug":"rimbursimi-kthimi","status":"publish","type":"page","link":"https:\/\/n48hoursenergy.com\/index.php\/rimbursimi-kthimi\/","title":{"rendered":"Politika e rimbursimit dhe kthimit"},"content":{"rendered":"\t\t<div data-elementor-type=\"wp-page\" data-elementor-id=\"44\" class=\"elementor elementor-44\" data-elementor-post-type=\"page\">\n\t\t\t\t\t\t<section class=\"elementor-section elementor-top-section elementor-element elementor-element-efd6553 elementor-section-boxed elementor-section-height-default elementor-section-height-default\" data-id=\"efd6553\" data-element_type=\"section\">\n\t\t\t\t\t\t<div class=\"elementor-container elementor-column-gap-default\">\n\t\t\t\t\t<div class=\"elementor-column elementor-col-100 elementor-top-column elementor-element elementor-element-2b1ef537\" data-id=\"2b1ef537\" data-element_type=\"column\">\n\t\t\t<div class=\"elementor-widget-wrap elementor-element-populated\">\n\t\t\t\t\t\t<div class=\"elementor-element elementor-element-46a1eab9 elementor-widget elementor-widget-text-editor\" data-id=\"46a1eab9\" data-element_type=\"widget\" data-widget_type=\"text-editor.default\">\n\t\t\t\t<div class=\"elementor-widget-container\">\n\t\t\t<style>\/*! elementor - v3.21.0 - 08-05-2024 *\/\n.elementor-widget-text-editor.elementor-drop-cap-view-stacked .elementor-drop-cap{background-color:#69727d;color:#fff}.elementor-widget-text-editor.elementor-drop-cap-view-framed .elementor-drop-cap{color:#69727d;border:3px solid;background-color:transparent}.elementor-widget-text-editor:not(.elementor-drop-cap-view-default) .elementor-drop-cap{margin-top:8px}.elementor-widget-text-editor:not(.elementor-drop-cap-view-default) .elementor-drop-cap-letter{width:1em;height:1em}.elementor-widget-text-editor .elementor-drop-cap{float:left;text-align:center;line-height:1;font-size:50px}.elementor-widget-text-editor .elementor-drop-cap-letter{display:inline-block}<\/style>\t\t\t\t<!-- wp:paragraph --><!-- \/wp:paragraph --><!-- wp:paragraph -->\n<h3>V\u00ebshtrim i p\u00ebrgjithsh\u00ebm<\/h3>\n<!-- \/wp:paragraph --><!-- wp:paragraph -->\n<p>Politika jon\u00eb e rimbursimit dhe kthimit zgjat 30 dit\u00eb. N\u00ebse kan\u00eb kaluar 30 dit\u00eb nga blerja juaj, ne nuk mund t&#8217;ju ofrojm\u00eb rimbursim ose shk\u00ebmbim t\u00eb plot\u00eb.<\/p>\n<!-- \/wp:paragraph --><!-- wp:paragraph -->\n<p>P\u00ebr t&#8217;u kualifikuar p\u00ebr kthim, artikulli juaj duhet t\u00eb jet\u00eb i pap\u00ebrdorur dhe n\u00eb t\u00eb nj\u00ebjt\u00ebn gjendje q\u00eb e keni marr\u00eb. Gjithashtu duhet t\u00eb jet\u00eb n\u00eb paketimin origjinal.<\/p>\n<!-- \/wp:paragraph --><!-- wp:paragraph -->\n<p>Disa lloje mallrash p\u00ebrjashtohen nga kthimi. Mallrat q\u00eb prishen si ushqimi, lulet, gazetat ose revistat nuk mund t\u00eb kthehen. Ne gjithashtu nuk pranojm\u00eb produkte q\u00eb jan\u00eb mallra intime ose sanitare, materiale t\u00eb rrezikshme ose l\u00ebngje ose gazra t\u00eb ndezsh\u00ebm.<\/p>\n<!-- \/wp:paragraph --><!-- wp:paragraph -->\n<p>Artikuj shtes\u00eb t\u00eb pakthyesh\u00ebm:<\/p>\n<!-- \/wp:paragraph --><!-- wp:list -->\n<ul>\n<li>Kartat e dhuratave<\/li>\n<li>Produkte softuerike t\u00eb shkarkueshme<\/li>\n<li>Disa sende sh\u00ebndet\u00ebsore dhe t\u00eb kujdesit personal<\/li>\n<\/ul>\n<!-- \/wp:list --><!-- wp:paragraph -->\n<p>P\u00ebr t\u00eb p\u00ebrfunduar kthimin tuaj, ne k\u00ebrkojm\u00eb nj\u00eb fatur\u00eb ose v\u00ebrtetim blerjeje.<\/p>\n<!-- \/wp:paragraph --><!-- wp:paragraph -->\n<p>Ju lutemi, mos ia d\u00ebrgoni blerjen prodhuesit.<\/p>\n<!-- \/wp:paragraph --><!-- wp:paragraph -->\n<p>Ka disa situata ku jepen vet\u00ebm rimbursime t\u00eb pjesshme:<\/p>\n<!-- \/wp:paragraph --><!-- wp:list -->\n<ul>\n<li>Lib\u00ebr me shenja t\u00eb dukshme p\u00ebrdorimi<\/li>\n<li>CD, DVD, kaset\u00eb VHS, softuer, loj\u00eb video, kaset\u00eb ose vinyl q\u00eb \u00ebsht\u00eb hapur.<\/li>\n<li>\u00c7do artikull q\u00eb nuk \u00ebsht\u00eb n\u00eb gjendjen e tij origjinale \u00ebsht\u00eb i d\u00ebmtuar ose i mungon pjes\u00eb p\u00ebr arsye q\u00eb nuk jan\u00eb p\u00ebr shkak t\u00eb gabimit ton\u00eb.<\/li>\n<li>\u00c7do artikull q\u00eb kthehet m\u00eb shum\u00eb se 30 dit\u00eb pas dor\u00ebzimit.<\/li>\n<\/ul>\n<!-- \/wp:list --><!-- wp:paragraph -->\n<h2>Rimbursimet<\/h2>\n<!-- \/wp:paragraph --><!-- wp:paragraph -->\n<p>Pasi kthimi juaj t\u00eb merret dhe inspektohet, ne do t&#8217;ju d\u00ebrgojm\u00eb nj\u00eb email p\u00ebr t&#8217;ju njoftuar se kemi marr\u00eb artikullin tuaj t\u00eb kthyer. Ne gjithashtu do t&#8217;ju njoftojm\u00eb p\u00ebr miratimin ose refuzimin e rimbursimit tuaj.<\/p>\n<!-- \/wp:paragraph --><!-- wp:paragraph -->\n<p>N\u00ebse jeni miratuar, at\u00ebher\u00eb rimbursimi juaj do t\u00eb p\u00ebrpunohet dhe nj\u00eb kredi do t\u00eb aplikohet automatikisht n\u00eb kart\u00ebn tuaj t\u00eb kreditit ose n\u00eb m\u00ebnyr\u00ebn origjinale t\u00eb pages\u00ebs, brenda nj\u00eb sasie t\u00eb caktuar dit\u00ebsh.<\/p>\n<!-- \/wp:paragraph --><!-- wp:paragraph -->\n<p><b>Rimbursimet e vonuara ose t\u00eb humbura<\/b><\/p>\n<!-- \/wp:paragraph --><!-- wp:paragraph -->\n<p>N\u00ebse nuk keni marr\u00eb ende nj\u00eb rimbursim, fillimisht kontrolloni p\u00ebrs\u00ebri llogarin\u00eb tuaj bankare.<\/p>\n<!-- \/wp:paragraph --><!-- wp:paragraph -->\n<p>Pastaj kontaktoni kompanin\u00eb tuaj t\u00eb kart\u00ebs s\u00eb kreditit, mund t\u00eb duhet pak koh\u00eb p\u00ebrpara se rimbursimi juaj t\u00eb postohet zyrtarisht.<\/p>\n<!-- \/wp:paragraph --><!-- wp:paragraph -->\n<p>M\u00eb pas kontaktoni bank\u00ebn tuaj. Shpesh ka nj\u00eb koh\u00eb p\u00ebrpunimi p\u00ebrpara se t\u00eb postohet nj\u00eb rimbursim.<\/p>\n<!-- \/wp:paragraph --><!-- wp:paragraph -->\n<p>N\u00ebse i keni b\u00ebr\u00eb t\u00eb gjitha k\u00ebto dhe ende nuk keni marr\u00eb rimbursimin tuaj, ju lutemi na kontaktoni n\u00eb info@n48hoursenergy.com<\/p>\n<!-- \/wp:paragraph --><!-- wp:paragraph -->\n<p><b>Artikujt e shitjes<\/b><\/p>\n<!-- \/wp:paragraph --><!-- wp:paragraph -->\n<p>Mund t\u00eb rimbursohen vet\u00ebm artikujt me \u00e7mim t\u00eb rregullt. Artikujt e shitjes nuk mund t\u00eb rimbursohen.<\/p>\n<!-- \/wp:paragraph --><!-- wp:paragraph -->\n<h2>Shk\u00ebmbimet<\/h2>\n<!-- \/wp:paragraph --><!-- wp:paragraph -->\n<p>Ne i z\u00ebvend\u00ebsojm\u00eb artikujt vet\u00ebm n\u00ebse jan\u00eb t\u00eb d\u00ebmtuar ose t\u00eb d\u00ebmtuar. N\u00ebse keni nevoj\u00eb p\u00ebr ta shk\u00ebmbyer at\u00eb p\u00ebr t\u00eb nj\u00ebjtin artikull, na d\u00ebrgoni nj\u00eb email n\u00eb info@n48hoursenergy.com dhe d\u00ebrgoni artikullin tuaj n\u00eb: Rr. Natyra nr.36 10000 Prishtin\u00eb<\/p>\n<!-- \/wp:paragraph --><!-- wp:paragraph -->\n<h2>Dhurata<\/h2>\n<!-- \/wp:paragraph --><!-- wp:paragraph -->\n<p>N\u00ebse artikulli \u00ebsht\u00eb sh\u00ebnuar si dhurat\u00eb kur \u00ebsht\u00eb bler\u00eb dhe d\u00ebrguar direkt tek ju, ju do t\u00eb merrni nj\u00eb kredit dhurat\u00eb p\u00ebr vler\u00ebn e kthimit tuaj. Pasi t\u00eb merret artikulli i kthyer, do t&#8217;ju d\u00ebrgohet nj\u00eb certifikat\u00eb dhurat\u00eb.<\/p>\n<!-- \/wp:paragraph --><!-- wp:paragraph -->\n<p>N\u00ebse artikulli nuk \u00ebsht\u00eb sh\u00ebnuar si dhurat\u00eb kur \u00ebsht\u00eb bler\u00eb, ose dhuruesi ia ka d\u00ebrguar porosin\u00eb vetes p\u00ebr t&#8217;jua dh\u00ebn\u00eb m\u00eb von\u00eb, ne do t&#8217;i d\u00ebrgojm\u00eb nj\u00eb rimbursim dhurat\u00ebdh\u00ebn\u00ebsit dhe ai do t\u00eb m\u00ebsoj\u00eb p\u00ebr kthimin tuaj.<\/p>\n<!-- \/wp:paragraph --><!-- wp:paragraph -->\n<h2>Kthimet e transportit<\/h2>\n<!-- \/wp:paragraph --><!-- wp:paragraph -->\n<p>P\u00ebr t\u00eb kthyer produktin tuaj, duhet ta d\u00ebrgoni produktin tuaj me post\u00eb n\u00eb: Rr. Natyra nr.36 10000 Prishtin\u00eb<\/p>\n<!-- \/wp:paragraph --><!-- wp:paragraph -->\n<p>Ju do t\u00eb jeni p\u00ebrgjegj\u00ebs p\u00ebr t\u00eb paguar p\u00ebr kostot tuaja t\u00eb transportit p\u00ebr kthimin e artikullit tuaj. Kostot e transportit jan\u00eb t\u00eb pakthyeshme. N\u00ebse merrni nj\u00eb rimbursim, kostoja e transportit t\u00eb kthimit do t\u00eb zbritet nga rimbursimi juaj.<\/p>\n<!-- \/wp:paragraph --><!-- wp:paragraph -->\n<p>N\u00eb var\u00ebsi t\u00eb vendit ku jetoni, koha q\u00eb mund t\u00eb duhet q\u00eb produkti juaj i shk\u00ebmbyer t\u00eb arrij\u00eb tek ju mund t\u00eb ndryshoj\u00eb.<\/p>\n<!-- \/wp:paragraph --><!-- wp:paragraph -->\n<p>N\u00ebse po ktheni artikuj m\u00eb t\u00eb shtrenjt\u00eb, mund t\u00eb konsideroni p\u00ebrdorimin e nj\u00eb sh\u00ebrbimi transporti t\u00eb gjurmuesh\u00ebm ose blerjen e sigurimit t\u00eb transportit. Ne nuk garantojm\u00eb se do t\u00eb marrim artikullin tuaj t\u00eb kthyer.<\/p>\n<!-- \/wp:paragraph --><!-- wp:paragraph -->\n<h2>Kani nevoj\u00eb p\u00ebr ndihm\u00eb?<\/h2>\n<!-- \/wp:paragraph --><!-- wp:paragraph -->\n<p>Na kontaktoni n\u00eb info@n48hoursenergy.com p\u00ebr pyetje n\u00eb lidhje me rimbursimet dhe kthimet.<\/p>\n<!-- \/wp:paragraph -->\t\t\t\t\t\t<\/div>\n\t\t\t\t<\/div>\n\t\t\t\t\t<\/div>\n\t\t<\/div>\n\t\t\t\t\t<\/div>\n\t\t<\/section>\n\t\t\t\t<\/div>\n\t\t","protected":false},"excerpt":{"rendered":"<p>V\u00ebshtrim i p\u00ebrgjithsh\u00ebm Politika jon\u00eb e rimbursimit dhe kthimit zgjat 30 dit\u00eb. N\u00ebse kan\u00eb kaluar 30 dit\u00eb nga blerja juaj, ne nuk mund t&#8217;ju ofrojm\u00eb rimbursim<span class=\"excerpt-hellip\"> [\u2026]<\/span><\/p>\n","protected":false},"author":2,"featured_media":0,"parent":0,"menu_order":0,"comment_status":"open","ping_status":"closed","template":"","meta":{"footnotes":""},"class_list":["post-44","page","type-page","status-publish","hentry"],"jetpack_sharing_enabled":true,"_links":{"self":[{"href":"https:\/\/n48hoursenergy.com\/index.php\/wp-json\/wp\/v2\/pages\/44","targetHints":{"allow":["GET"]}}],"collection":[{"href":"https:\/\/n48hoursenergy.com\/index.php\/wp-json\/wp\/v2\/pages"}],"about":[{"href":"https:\/\/n48hoursenergy.com\/index.php\/wp-json\/wp\/v2\/types\/page"}],"author":[{"embeddable":true,"href":"https:\/\/n48hoursenergy.com\/index.php\/wp-json\/wp\/v2\/users\/2"}],"replies":[{"embeddable":true,"href":"https:\/\/n48hoursenergy.com\/index.php\/wp-json\/wp\/v2\/comments?post=44"}],"version-history":[{"count":1,"href":"https:\/\/n48hoursenergy.com\/index.php\/wp-json\/wp\/v2\/pages\/44\/revisions"}],"predecessor-version":[{"id":675,"href":"https:\/\/n48hoursenergy.com\/index.php\/wp-json\/wp\/v2\/pages\/44\/revisions\/675"}],"wp:attachment":[{"href":"https:\/\/n48hoursenergy.com\/index.php\/wp-json\/wp\/v2\/media?parent=44"}],"curies":[{"name":"wp","href":"https:\/\/api.w.org\/{rel}","templated":true}]}}